{"id":2659,"date":"2025-06-17T17:54:00","date_gmt":"2025-06-17T15:54:00","guid":{"rendered":"https:\/\/www.lachtal.at\/newsletter\/"},"modified":"2025-06-17T17:56:54","modified_gmt":"2025-06-17T15:56:54","slug":"newsletter","status":"publish","type":"page","link":"https:\/\/www.lachtal.at\/hu\/newsletter\/","title":{"rendered":"H\u00edrlev\u00e9l feliratkoz\u00e1s"},"content":{"rendered":"<div class=\"acf-fc-column acf-fc-column-1\">\n<h1><strong>H\u00edrlev\u00e9l feliratkoz\u00e1s<\/strong><\/h1>\n<p><strong>Iratkozzon fel most Lachtal h\u00edrlevel\u00e9re!<\/strong><br \/>\nKapja meg a legfrissebb inform\u00e1ci\u00f3kat Lachtalr\u0151l k\u00f6zvetlen\u00fcl postal\u00e1d\u00e1j\u00e1ba \u2013 az exkluz\u00edv aj\u00e1nlatokt\u00f3l \u00e9s esem\u00e9nyekt\u0151l kezdve az id\u0151j\u00e1r\u00e1s-jelent\u00e9seken, a p\u00e1lyah\u00edreken \u00e9s a szezon\u00e1lis kiemelt esem\u00e9nyeken \u00e1t.<br \/>\n<strong>Maradjon mindig naprak\u00e9sz \u2013 iratkozzon fel most!<\/strong><\/p>\n<p><noscript class=\"ninja-forms-noscript-message\"><br \/>\n\tHinweis: F\u00fcr diesen Inhalt ist JavaScript erforderlich.<\/noscript><\/p>\n<div id=\"nf-form-3-cont\" class=\"nf-form-cont\" aria-live=\"polite\" aria-labelledby=\"nf-form-title-3\" aria-describedby=\"nf-form-errors-3\" role=\"form\">\n<div class=\"nf-loading-spinner\"><\/div>\n<\/div>\n<p>        <!-- That data is being printed as a workaround to page builders reordering the order of the scripts loaded--><br \/>\n        <script>var formDisplay=1;var nfForms=nfForms||[];var form=[];form.id='3';form.settings={\"objectType\":\"Form Setting\",\"editActive\":true,\"title\":\"Newsletter Anmeldung\",\"created_at\":\"2025-06-17 17:51:20\",\"default_label_pos\":\"above\",\"show_title\":\"0\",\"clear_complete\":\"1\",\"hide_complete\":\"1\",\"logged_in\":\"0\",\"wrapper_class\":\"\",\"element_class\":\"\",\"form_title_heading_level\":\"3\",\"key\":\"\",\"add_submit\":\"1\",\"currency\":\"\",\"unique_field_error\":\"Ein Formular mit diesem Wert wurde bereits eingereicht.\",\"not_logged_in_msg\":\"\",\"sub_limit_msg\":\"Das Formular hat sein Beitragslimit erreicht.\",\"calculations\":[],\"container_styles_show_advanced_css\":\"0\",\"title_styles_show_advanced_css\":\"0\",\"row_styles_show_advanced_css\":\"0\",\"row-odd_styles_show_advanced_css\":\"0\",\"success-msg_styles_show_advanced_css\":\"0\",\"error_msg_styles_show_advanced_css\":\"0\",\"formContentData\":[\"email_1747144616898\",\"anrede_1747145312323\",\"firstname_1747144608172\",\"lastname_1747144613601\",\"link_zur_datenschutzerklaerung_1750175287008\",\"zum_newsletter_anmelden_1747936936923\"],\"changeEmailErrorMsg\":\"Bitte gib eine gu00fcltige E-Mail-Adresse ein.\",\"changeDateErrorMsg\":\"Bitte gib ein gu00fcltiges Datum ein!\",\"confirmFieldErrorMsg\":\"Diese Felder mu00fcssen u00fcbereinstimmen!\",\"fieldNumberNumMinError\":\"Die eingegebene Zahl ist zu klein.\",\"fieldNumberNumMaxError\":\"Die eingegebene Zahl ist zu gross.\",\"fieldNumberIncrementBy\":\"Bitte erhu00f6hen in Schritten von\",\"formErrorsCorrectErrors\":\"Bitte korrigiere die Fehler, bevor du das Formular sendest.\",\"validateRequiredField\":\"Dies ist ein Pflichtfeld.\",\"honeypotHoneypotError\":\"Honeypot-Fehler\",\"fieldsMarkedRequired\":\"Felder mit einem <span class=\"ninja-forms-req-symbol\">*<\/span> sind Pflichtfelder\",\"objectDomain\":\"display\",\"drawerDisabled\":false,\"allow_public_link\":0,\"embed_form\":\"\",\"ninjaForms\":\"Ninja Forms\",\"fieldTextareaRTEInsertLink\":\"Link einfu00fcgen\",\"fieldTextareaRTEInsertMedia\":\"Medien einfu00fcgen\",\"fieldTextareaRTESelectAFile\":\"Eine Datei auswu00e4hlen\",\"formHoneypot\":\"Falls du ein Mensch bist und dieses Feld siehst, dann lasse es bitte leer.\",\"fileUploadOldCodeFileUploadInProgress\":\"Datei-Upload lu00e4uft.\",\"fileUploadOldCodeFileUpload\":\"DATEI-UPLOAD\",\"currencySymbol\":\"&euro;\",\"thousands_sep\":\".\",\"decimal_point\":\",\",\"siteLocale\":\"de_DE\",\"dateFormat\":\"d.m.Y\",\"startOfWeek\":\"1\",\"of\":\"von\",\"previousMonth\":\"Vorheriger Monat\",\"nextMonth\":\"Nu00e4chster Monat\",\"months\":[\"Januar\",\"Februar\",\"Mu00e4rz\",\"April\",\"Mai\",\"Juni\",\"Juli\",\"August\",\"September\",\"Oktober\",\"November\",\"Dezember\"],\"monthsShort\":[\"Jan\",\"Feb\",\"Mrz\",\"Apr\",\"Mai\",\"Jun\",\"Jul\",\"Aug\",\"Sep\",\"Okt\",\"Nov\",\"Dez\"],\"weekdays\":[\"Sonntag\",\"Montag\",\"Dienstag\",\"Mittwoch\",\"Donnerstag\",\"Freitag\",\"Samstag\"],\"weekdaysShort\":[\"So\",\"Mo\",\"Die\",\"Mi\",\"Do\",\"Fr\",\"Sa\"],\"weekdaysMin\":[\"So\",\"Mo\",\"Di\",\"Mi\",\"Do\",\"Fr\",\"Sa\"],\"recaptchaConsentMissing\":\"reCaptcha validation couldn&#039;t load.\",\"recaptchaMissingCookie\":\"reCaptcha v3 validation couldn&#039;t load the cookie needed to submit the form.\",\"recaptchaConsentEvent\":\"Accept reCaptcha cookies before sending the form.\",\"currency_symbol\":\"\",\"beforeForm\":\"\",\"beforeFields\":\"\",\"afterFields\":\"\",\"afterForm\":\"\"};form.fields=[{\"objectType\":\"Field\",\"objectDomain\":\"fields\",\"editActive\":false,\"order\":1,\"idAttribute\":\"id\",\"label\":\"E-Mail\",\"type\":\"email\",\"key\":\"email_1747144616898\",\"label_pos\":\"above\",\"required\":1,\"default\":\"\",\"placeholder\":\"\",\"container_class\":\"\",\"element_class\":\"\",\"admin_label\":\"\",\"help_text\":\"\",\"custom_name_attribute\":\"email\",\"personally_identifiable\":1,\"wrap_styles_show_advanced_css\":0,\"label_styles_show_advanced_css\":0,\"element_styles_show_advanced_css\":0,\"cellcid\":\"c3447\",\"value\":\"\",\"wrap_styles_border\":\"\",\"wrap_styles_width\":\"\",\"wrap_styles_margin\":\"\",\"wrap_styles_padding\":\"\",\"wrap_styles_float\":\"\",\"label_styles_border\":\"\",\"label_styles_width\":\"\",\"label_styles_font-size\":\"\",\"label_styles_margin\":\"\",\"label_styles_padding\":\"\",\"label_styles_float\":\"\",\"element_styles_border\":\"\",\"element_styles_width\":\"\",\"element_styles_font-size\":\"\",\"element_styles_margin\":\"\",\"element_styles_padding\":\"\",\"element_styles_float\":\"\",\"drawerDisabled\":\"\",\"field_label\":\"E-Mail\",\"field_key\":\"email_1747144616898\",\"id\":12,\"beforeField\":\"\",\"afterField\":\"\",\"parentType\":\"email\",\"element_templates\":[\"email\",\"input\"],\"old_classname\":\"\",\"wrap_template\":\"wrap\"},{\"objectType\":\"Field\",\"objectDomain\":\"fields\",\"editActive\":false,\"order\":2,\"idAttribute\":\"id\",\"label\":\"Anrede\",\"type\":\"listselect\",\"key\":\"anrede_1747145312323\",\"label_pos\":\"above\",\"required\":\"\",\"options\":[{\"errors\":[],\"max_options\":0,\"order\":0,\"new\":false,\"options\":[],\"label\":\"\",\"value\":\"\",\"calc\":\"\",\"selected\":0,\"settingModel\":{\"settings\":false,\"hide_merge_tags\":false,\"error\":false,\"name\":\"options\",\"type\":\"option-repeater\",\"label\":\"Optionen <a href=\"#\" class=\"nf-add-new\">Erstellen<\/a> <a href=\"#\" class=\"extra nf-open-import-tooltip\"><i class=\"fa fa-sign-in\" aria-hidden=\"true\"><\/i> Importieren<\/a>\",\"width\":\"full\",\"group\":\"\",\"value\":[{\"label\":\"Eins\",\"value\":\"eins\",\"calc\":\"\",\"selected\":0,\"order\":0},{\"label\":\"Zwei\",\"value\":\"zwei\",\"calc\":\"\",\"selected\":0,\"order\":1},{\"label\":\"Drei\",\"value\":\"drei\",\"calc\":\"\",\"selected\":0,\"order\":2}],\"columns\":{\"label\":{\"header\":\"Beschriftung\",\"default\":\"\"},\"value\":{\"header\":\"Wert\",\"default\":\"\"},\"calc\":{\"header\":\"Berechneter Wert\",\"default\":\"\"},\"selected\":{\"header\":\"<span class=\"dashicons dashicons-yes\"><\/span>\",\"default\":0}}}},{\"errors\":[],\"max_options\":0,\"label\":\"Herr\",\"value\":\"M\",\"calc\":\"\",\"selected\":0,\"order\":1,\"settingModel\":{\"settings\":false,\"hide_merge_tags\":false,\"error\":false,\"name\":\"options\",\"type\":\"option-repeater\",\"label\":\"Optionen <a href=\"#\" class=\"nf-add-new\">Erstellen<\/a> <a href=\"#\" class=\"extra nf-open-import-tooltip\"><i class=\"fa fa-sign-in\" aria-hidden=\"true\"><\/i> Importieren<\/a>\",\"width\":\"full\",\"group\":\"\",\"value\":[{\"label\":\"Eins\",\"value\":\"eins\",\"calc\":\"\",\"selected\":0,\"order\":0},{\"label\":\"Zwei\",\"value\":\"zwei\",\"calc\":\"\",\"selected\":0,\"order\":1},{\"label\":\"Drei\",\"value\":\"drei\",\"calc\":\"\",\"selected\":0,\"order\":2}],\"columns\":{\"label\":{\"header\":\"Beschriftung\",\"default\":\"\"},\"value\":{\"header\":\"Wert\",\"default\":\"\"},\"calc\":{\"header\":\"Berechneter Wert\",\"default\":\"\"},\"selected\":{\"header\":\"<span class=\"dashicons dashicons-yes\"><\/span>\",\"default\":0}}},\"manual_value\":true},{\"errors\":[],\"max_options\":0,\"label\":\"Frau\",\"value\":\"F\",\"calc\":\"\",\"selected\":0,\"order\":2,\"settingModel\":{\"settings\":false,\"hide_merge_tags\":false,\"error\":false,\"name\":\"options\",\"type\":\"option-repeater\",\"label\":\"Optionen <a href=\"#\" class=\"nf-add-new\">Erstellen<\/a> <a href=\"#\" class=\"extra nf-open-import-tooltip\"><i class=\"fa fa-sign-in\" aria-hidden=\"true\"><\/i> Importieren<\/a>\",\"width\":\"full\",\"group\":\"\",\"value\":[{\"label\":\"Eins\",\"value\":\"eins\",\"calc\":\"\",\"selected\":0,\"order\":0},{\"label\":\"Zwei\",\"value\":\"zwei\",\"calc\":\"\",\"selected\":0,\"order\":1},{\"label\":\"Drei\",\"value\":\"drei\",\"calc\":\"\",\"selected\":0,\"order\":2}],\"columns\":{\"label\":{\"header\":\"Beschriftung\",\"default\":\"\"},\"value\":{\"header\":\"Wert\",\"default\":\"\"},\"calc\":{\"header\":\"Berechneter Wert\",\"default\":\"\"},\"selected\":{\"header\":\"<span class=\"dashicons dashicons-yes\"><\/span>\",\"default\":0}}},\"manual_value\":true},{\"errors\":[],\"max_options\":0,\"label\":\"Divers\",\"value\":\"O\",\"calc\":\"\",\"selected\":0,\"order\":3,\"settingModel\":{\"settings\":false,\"hide_merge_tags\":false,\"error\":false,\"name\":\"options\",\"type\":\"option-repeater\",\"label\":\"Optionen <a href=\"#\" class=\"nf-add-new\">Erstellen<\/a> <a href=\"#\" class=\"extra nf-open-import-tooltip\"><i class=\"fa fa-sign-in\" aria-hidden=\"true\"><\/i> Importieren<\/a>\",\"width\":\"full\",\"group\":\"\",\"value\":[{\"label\":\"Eins\",\"value\":\"eins\",\"calc\":\"\",\"selected\":0,\"order\":0},{\"label\":\"Zwei\",\"value\":\"zwei\",\"calc\":\"\",\"selected\":0,\"order\":1},{\"label\":\"Drei\",\"value\":\"drei\",\"calc\":\"\",\"selected\":0,\"order\":2}],\"columns\":{\"label\":{\"header\":\"Beschriftung\",\"default\":\"\"},\"value\":{\"header\":\"Wert\",\"default\":\"\"},\"calc\":{\"header\":\"Berechneter Wert\",\"default\":\"\"},\"selected\":{\"header\":\"<span class=\"dashicons dashicons-yes\"><\/span>\",\"default\":0}}},\"manual_value\":true}],\"container_class\":\"\",\"element_class\":\"\",\"admin_label\":\"\",\"help_text\":\"\",\"wrap_styles_show_advanced_css\":0,\"label_styles_show_advanced_css\":0,\"element_styles_show_advanced_css\":0,\"cellcid\":\"c3451\",\"wrap_styles_border\":\"\",\"wrap_styles_width\":\"\",\"wrap_styles_margin\":\"\",\"wrap_styles_padding\":\"\",\"wrap_styles_float\":\"\",\"label_styles_border\":\"\",\"label_styles_width\":\"\",\"label_styles_font-size\":\"\",\"label_styles_margin\":\"\",\"label_styles_padding\":\"\",\"label_styles_float\":\"\",\"element_styles_border\":\"\",\"element_styles_width\":\"\",\"element_styles_font-size\":\"\",\"element_styles_margin\":\"\",\"element_styles_padding\":\"\",\"element_styles_float\":\"\",\"field_label\":\"Anrede\",\"field_key\":\"anrede_1747145312323\",\"id\":13,\"beforeField\":\"\",\"afterField\":\"\",\"value\":\"\",\"parentType\":\"list\",\"element_templates\":[\"listselect\",\"input\"],\"old_classname\":\"list-select\",\"wrap_template\":\"wrap\"},{\"objectType\":\"Field\",\"objectDomain\":\"fields\",\"editActive\":false,\"order\":3,\"idAttribute\":\"id\",\"label\":\"Vorname\",\"type\":\"firstname\",\"key\":\"firstname_1747144608172\",\"label_pos\":\"above\",\"required\":\"\",\"default\":\"\",\"placeholder\":\"\",\"container_class\":\"\",\"element_class\":\"\",\"admin_label\":\"\",\"help_text\":\"\",\"custom_name_attribute\":\"fname\",\"personally_identifiable\":1,\"wrap_styles_show_advanced_css\":0,\"label_styles_show_advanced_css\":0,\"element_styles_show_advanced_css\":0,\"cellcid\":\"c3454\",\"value\":\"\",\"field_label\":\"Vorname\",\"field_key\":\"firstname_1747144608172\",\"id\":14,\"beforeField\":\"\",\"afterField\":\"\",\"parentType\":\"firstname\",\"element_templates\":[\"firstname\",\"input\"],\"old_classname\":\"\",\"wrap_template\":\"wrap\"},{\"objectType\":\"Field\",\"objectDomain\":\"fields\",\"editActive\":false,\"order\":4,\"idAttribute\":\"id\",\"label\":\"Nachname\",\"type\":\"lastname\",\"key\":\"lastname_1747144613601\",\"label_pos\":\"above\",\"required\":\"\",\"default\":\"\",\"placeholder\":\"\",\"container_class\":\"\",\"element_class\":\"\",\"admin_label\":\"\",\"help_text\":\"\",\"custom_name_attribute\":\"lname\",\"personally_identifiable\":1,\"wrap_styles_show_advanced_css\":0,\"label_styles_show_advanced_css\":0,\"element_styles_show_advanced_css\":0,\"cellcid\":\"c3457\",\"value\":\"\",\"field_label\":\"Nachname\",\"field_key\":\"lastname_1747144613601\",\"id\":15,\"beforeField\":\"\",\"afterField\":\"\",\"parentType\":\"lastname\",\"element_templates\":[\"lastname\",\"input\"],\"old_classname\":\"\",\"wrap_template\":\"wrap\"},{\"objectType\":\"Field\",\"objectDomain\":\"fields\",\"editActive\":false,\"order\":5,\"idAttribute\":\"id\",\"label\":\"Link zur Datenschutzerklu00e4rung\",\"type\":\"html\",\"default\":\"<\/p>\n<p>Weitere Informationen zur Datenverarbeitung und Ihren Rechten als betroffene Person finden Sie in unserer <a href=\"https:\/\/www.lachtal.at\/hu\/adatvedelem\/\" target=\"_blank\">Datenschutzerklu00e4rung<\/a>.<\/p>\n<p>\",\"container_class\":\"\",\"element_class\":\"\",\"admin_label\":\"\",\"key\":\"link_zur_datenschutzerklaerung_1750175287008\",\"drawerDisabled\":\"\",\"field_label\":\"Link zur Datenschutzerklu00e4rung\",\"field_key\":\"link_zur_datenschutzerklaerung_1750175287008\",\"id\":16,\"beforeField\":\"\",\"afterField\":\"\",\"value\":\"<\/p>\n<p>Weitere Informationen zur Datenverarbeitung und Ihren Rechten als betroffene Person finden Sie in unserer <a href=\"https:\/\/www.lachtal.at\/hu\/adatvedelem\/\" target=\"_blank\">Datenschutzerklu00e4rung<\/a>.<\/p>\n<p>\",\"label_pos\":\"above\",\"parentType\":\"html\",\"element_templates\":[\"html\",\"input\"],\"old_classname\":\"\",\"wrap_template\":\"wrap\"},{\"objectType\":\"Field\",\"objectDomain\":\"fields\",\"editActive\":false,\"order\":6,\"idAttribute\":\"id\",\"type\":\"submit\",\"label\":\"Zum Newsletter anmelden!\",\"processing_label\":\"Wird verarbeitet\",\"container_class\":\"\",\"element_class\":\"\",\"key\":\"zum_newsletter_anmelden_1747936936923\",\"admin_label\":\"\",\"wrap_styles_show_advanced_css\":0,\"element_styles_show_advanced_css\":0,\"submit_element_hover_styles_show_advanced_css\":0,\"cellcid\":\"c3463\",\"field_label\":\"Zum Newsletter anmelden!\",\"field_key\":\"zum_newsletter_anmelden_1747936936923\",\"drawerDisabled\":\"\",\"id\":17,\"beforeField\":\"\",\"afterField\":\"\",\"value\":\"\",\"label_pos\":\"above\",\"parentType\":\"textbox\",\"element_templates\":[\"submit\",\"button\",\"input\"],\"old_classname\":\"\",\"wrap_template\":\"wrap-no-label\"}];nfForms.push(form);<\/script><\/p><\/div>\n","protected":false},"excerpt":{"rendered":"<p>H\u00edrlev\u00e9l feliratkoz\u00e1s Iratkozzon fel most Lachtal h\u00edrlevel\u00e9re! Kapja meg a legfrissebb inform\u00e1ci\u00f3kat Lachtalr\u0151l k\u00f6zvetlen\u00fcl postal\u00e1d\u00e1j\u00e1ba \u2013 az exkluz\u00edv aj\u00e1nlatokt\u00f3l \u00e9s esem\u00e9nyekt\u0151l kezdve az id\u0151j\u00e1r\u00e1s-jelent\u00e9seken, a p\u00e1lyah\u00edreken \u00e9s a szezon\u00e1lis kiemelt esem\u00e9nyeken \u00e1t. Maradjon mindig naprak\u00e9sz \u2013 iratkozzon fel most! Hinweis: F\u00fcr diesen Inhalt ist JavaScript erforderlich.<\/p>\n","protected":false},"author":1,"featured_media":0,"parent":0,"menu_order":0,"comment_status":"closed","ping_status":"closed","template":"","meta":{"_acf_changed":false,"footnotes":""},"class_list":["post-2659","page","type-page","status-publish","hentry"],"acf":[],"_links":{"self":[{"href":"https:\/\/www.lachtal.at\/hu\/wp-json\/wp\/v2\/pages\/2659","targetHints":{"allow":["GET"]}}],"collection":[{"href":"https:\/\/www.lachtal.at\/hu\/wp-json\/wp\/v2\/pages"}],"about":[{"href":"https:\/\/www.lachtal.at\/hu\/wp-json\/wp\/v2\/types\/page"}],"author":[{"embeddable":true,"href":"https:\/\/www.lachtal.at\/hu\/wp-json\/wp\/v2\/users\/1"}],"replies":[{"embeddable":true,"href":"https:\/\/www.lachtal.at\/hu\/wp-json\/wp\/v2\/comments?post=2659"}],"version-history":[{"count":2,"href":"https:\/\/www.lachtal.at\/hu\/wp-json\/wp\/v2\/pages\/2659\/revisions"}],"predecessor-version":[{"id":2661,"href":"https:\/\/www.lachtal.at\/hu\/wp-json\/wp\/v2\/pages\/2659\/revisions\/2661"}],"wp:attachment":[{"href":"https:\/\/www.lachtal.at\/hu\/wp-json\/wp\/v2\/media?parent=2659"}],"curies":[{"name":"wp","href":"https:\/\/api.w.org\/{rel}","templated":true}]}}