{"id":1405,"date":"2023-10-23T15:45:46","date_gmt":"2023-10-23T13:45:46","guid":{"rendered":"https:\/\/www.lachtal.at\/szolgaltatas\/anreise\/"},"modified":"2023-12-14T10:44:05","modified_gmt":"2023-12-14T09:44:05","slug":"utazas","status":"publish","type":"page","link":"https:\/\/www.lachtal.at\/hu\/szolgaltatas\/utazas\/","title":{"rendered":"Utaz\u00e1s"},"content":{"rendered":"<div class=\"acf-fc-column acf-fc-column-1\">\n<h1>Utaz\u00e1s<\/h1>\n<h2 class=\"h5\">Utaz\u00e1s t\u00f6megk\u00f6zleked\u00e9ssel:<\/h2>\n<p><a class=\"external popupicon button\" href=\"http:\/\/verkehrsauskunft.verbundlinie.at\/index.html#!Z|Lachtal%20402,%208831%20Oberw%C3%B6lz\" target=\"_blank\" rel=\"noopener\">BusBahnBim-Auskunft<\/a><\/p>\n<\/p><\/div>\n","protected":false},"excerpt":{"rendered":"<p>Utaz\u00e1s Utaz\u00e1s t\u00f6megk\u00f6zleked\u00e9ssel: BusBahnBim-Auskunft<\/p>\n","protected":false},"author":3,"featured_media":0,"parent":1390,"menu_order":0,"comment_status":"closed","ping_status":"closed","template":"","meta":{"_acf_changed":false,"footnotes":""},"class_list":["post-1405","page","type-page","status-publish","hentry"],"acf":[],"_links":{"self":[{"href":"https:\/\/www.lachtal.at\/hu\/wp-json\/wp\/v2\/pages\/1405","targetHints":{"allow":["GET"]}}],"collection":[{"href":"https:\/\/www.lachtal.at\/hu\/wp-json\/wp\/v2\/pages"}],"about":[{"href":"https:\/\/www.lachtal.at\/hu\/wp-json\/wp\/v2\/types\/page"}],"author":[{"embeddable":true,"href":"https:\/\/www.lachtal.at\/hu\/wp-json\/wp\/v2\/users\/3"}],"replies":[{"embeddable":true,"href":"https:\/\/www.lachtal.at\/hu\/wp-json\/wp\/v2\/comments?post=1405"}],"version-history":[{"count":2,"href":"https:\/\/www.lachtal.at\/hu\/wp-json\/wp\/v2\/pages\/1405\/revisions"}],"predecessor-version":[{"id":1407,"href":"https:\/\/www.lachtal.at\/hu\/wp-json\/wp\/v2\/pages\/1405\/revisions\/1407"}],"up":[{"embeddable":true,"href":"https:\/\/www.lachtal.at\/hu\/wp-json\/wp\/v2\/pages\/1390"}],"wp:attachment":[{"href":"https:\/\/www.lachtal.at\/hu\/wp-json\/wp\/v2\/media?parent=1405"}],"curies":[{"name":"wp","href":"https:\/\/api.w.org\/{rel}","templated":true}]}}