{"id":1394,"date":"2023-10-23T14:25:24","date_gmt":"2023-10-23T12:25:24","guid":{"rendered":"https:\/\/www.lachtal.at\/szolgaltatas\/webcams\/"},"modified":"2024-08-20T12:27:41","modified_gmt":"2024-08-20T10:27:41","slug":"webkamera","status":"publish","type":"page","link":"https:\/\/www.lachtal.at\/hu\/szolgaltatas\/webkamera\/","title":{"rendered":"Webkamera"},"content":{"rendered":"<div class=\"acf-fc-column acf-fc-column-1\">\n<h1>Webkamera<\/h1>\n<p>Lachtali webkamer\u00e1ink impoz\u00e1ns \u00e9l\u0151k\u00e9pet ny\u00fajtanak a l\u00e9legzetel\u00e1ll\u00edt\u00f3 alpesi t\u00e1jr\u00f3l. Megmutatj\u00e1k a r\u00e9gi\u00f3 k\u00f6rnyez\u0151 cs\u00facsait, h\u00f3val bor\u00edtott lejt\u0151it \u00e9s idilli v\u00f6lgyeit. Ak\u00e1r t\u00e9len, a lejt\u0151k\u00f6n s\u00edel\u00e9s k\u00f6zben, ak\u00e1r a t\u00f6bbi \u00e9vszakban, a Lachtalon tal\u00e1lhat\u00f3 webkamer\u00e1ink mindig leny\u0171g\u00f6z\u0151 k\u00e9pet adnak err\u0151l a csod\u00e1latos term\u00e9szeti t\u00e1jr\u00f3l.<\/p>\n<\/p><\/div>\n<div class=\"acf-fc-column acf-fc-column-1\">\n<h2 class=\"h4\">Lachtal<\/h2>\n<p><iframe loading=\"lazy\" src=\"https:\/\/webtv.feratel.com\/webtv\/?design=v5&amp;cam=5406&amp;pc=Lachtal&amp;c27=1&amp;c32=0&amp;c1=0&amp;lg=hu\" width=\"100%\" height=\"auto\" frameborder=\"0\" allowfullscreen=\"allowfullscreen\"><\/iframe><\/p>\n<p>&nbsp;<\/p>\n<\/p><\/div>\n<div class=\"acf-fc-column acf-fc-column-2\">\n<h2 class=\"h4\">Oberw\u00f6lz<\/h2>\n<p><iframe loading=\"lazy\" src=\"https:\/\/webtv.feratel.com\/webtv\/?design=v5&amp;cam=5407&amp;pc=Oberw\u00f6lz&amp;c27=1&amp;c32=0&amp;c1=0&amp;lg=hu\" width=\"100%\" height=\"auto\" frameborder=\"0\" allowfullscreen=\"allowfullscreen\"><\/iframe><\/p>\n<\/p><\/div>\n<div class=\"acf-fc-column acf-fc-column-1\">\n<p>&nbsp;<\/p>\n<h2 class=\"h4\">Flyingcam Lachtal<\/h2>\n<p><iframe loading=\"lazy\" src=\"https:\/\/webtv.feratel.com\/webtv\/?design=v5&amp;cam=75401&amp;pc=Lachtal&amp;c27=1&amp;c32=0&amp;c1=0&amp;lg=hu\" width=\"100%\" height=\"auto\" frameborder=\"0\" allowfullscreen=\"allowfullscreen\"><\/iframe><\/p>\n<\/p><\/div>\n","protected":false},"excerpt":{"rendered":"<p>Webkamera Lachtali webkamer\u00e1ink impoz\u00e1ns \u00e9l\u0151k\u00e9pet ny\u00fajtanak a l\u00e9legzetel\u00e1ll\u00edt\u00f3 alpesi t\u00e1jr\u00f3l. Megmutatj\u00e1k a r\u00e9gi\u00f3 k\u00f6rnyez\u0151 cs\u00facsait, h\u00f3val bor\u00edtott lejt\u0151it \u00e9s idilli v\u00f6lgyeit. Ak\u00e1r t\u00e9len, a lejt\u0151k\u00f6n s\u00edel\u00e9s k\u00f6zben, ak\u00e1r a t\u00f6bbi \u00e9vszakban, a Lachtalon tal\u00e1lhat\u00f3 webkamer\u00e1ink mindig leny\u0171g\u00f6z\u0151 k\u00e9pet adnak err\u0151l a csod\u00e1latos term\u00e9szeti t\u00e1jr\u00f3l. Lachtal &nbsp; Oberw\u00f6lz &nbsp; Flyingcam Lachtal<\/p>\n","protected":false},"author":3,"featured_media":0,"parent":1390,"menu_order":0,"comment_status":"closed","ping_status":"closed","template":"","meta":{"_acf_changed":false,"footnotes":""},"class_list":["post-1394","page","type-page","status-publish","hentry"],"acf":[],"_links":{"self":[{"href":"https:\/\/www.lachtal.at\/hu\/wp-json\/wp\/v2\/pages\/1394","targetHints":{"allow":["GET"]}}],"collection":[{"href":"https:\/\/www.lachtal.at\/hu\/wp-json\/wp\/v2\/pages"}],"about":[{"href":"https:\/\/www.lachtal.at\/hu\/wp-json\/wp\/v2\/types\/page"}],"author":[{"embeddable":true,"href":"https:\/\/www.lachtal.at\/hu\/wp-json\/wp\/v2\/users\/3"}],"replies":[{"embeddable":true,"href":"https:\/\/www.lachtal.at\/hu\/wp-json\/wp\/v2\/comments?post=1394"}],"version-history":[{"count":14,"href":"https:\/\/www.lachtal.at\/hu\/wp-json\/wp\/v2\/pages\/1394\/revisions"}],"predecessor-version":[{"id":2285,"href":"https:\/\/www.lachtal.at\/hu\/wp-json\/wp\/v2\/pages\/1394\/revisions\/2285"}],"up":[{"embeddable":true,"href":"https:\/\/www.lachtal.at\/hu\/wp-json\/wp\/v2\/pages\/1390"}],"wp:attachment":[{"href":"https:\/\/www.lachtal.at\/hu\/wp-json\/wp\/v2\/media?parent=1394"}],"curies":[{"name":"wp","href":"https:\/\/api.w.org\/{rel}","templated":true}]}}