{"id":1390,"date":"2023-10-23T13:09:19","date_gmt":"2023-10-23T11:09:19","guid":{"rendered":"https:\/\/www.lachtal.at\/service\/"},"modified":"2023-12-14T12:04:01","modified_gmt":"2023-12-14T11:04:01","slug":"szolgaltatas","status":"publish","type":"page","link":"https:\/\/www.lachtal.at\/hu\/szolgaltatas\/","title":{"rendered":"Szolg\u00e1ltat\u00e1s"},"content":{"rendered":"<div class=\"acf-fc-column acf-fc-column-1\">\n<h1>M\u00e9g t\u00f6bb szolg\u00e1ltat\u00e1s a Lachtalban<\/h1>\n<\/p><\/div>\n<div class=\"acf-fc-column acf-fc-column-1\">\n<h2>Skiline<\/h2>\n<h3 class=\"h4\">S\u00ednapj\u00e1nak magass\u00e1gm\u00e9r\u0151 diagramja!<\/h3>\n<p>S\u00edb\u00e9rlete sz\u00e1m\u00e1nak megad\u00e1s\u00e1val n\u00e9h\u00e1ny m\u00e1sodpercen bel\u00fcl megkapja saj\u00e1t \u201eSkiline\u201c-j\u00e1t. Egy pillant\u00e1son bel\u00fcl meg fogja l\u00e1tni az \u00d6n \u00e1ltal haszn\u00e1lt valamennyi felvon\u00f3t, a \u201elek\u00fczd\u00f6tt\u201d szintk\u00fcl\u00f6nbs\u00e9get \u00e9s a lejt\u0151n megtett kilom\u00e9tereket.<\/p>\n<p><a class=\"button\" href=\"https:\/\/www.skiline.cc\/ticket\/lachtal\">Tov\u00e1bb a Skiline-hoz <\/a><\/p>\n<\/p><\/div>\n<div class=\"acf-fc-column acf-fc-column-1\">\n<h2>Kattins a tov\u00e1bbi szolg\u00e1ltat\u00e1sok el\u00e9r\u00e9s\u00e9hez<\/h2>\n<ul>\n<li><a href=\"https:\/\/www.lachtal.at\/hu\/szolgaltatas\/webkamera\/\">Webkamera<\/a><\/li>\n<li><a href=\"https:\/\/www.lachtal.at\/hu\/service\/idojaras\/\">Id\u0151j\u00e1r\u00e1s<\/a><\/li>\n<li><a href=\"https:\/\/www.lachtal.at\/hu\/jegyek-arak\/\">Shop<\/a><\/li>\n<li><a href=\"https:\/\/www.lachtal.at\/hu\/szolgaltatas\/utazas\/\">Utaz\u00e1s<\/a><\/li>\n<li><a href=\"https:\/\/www.lachtal.at\/service\/jobs\/\">\u00c1ll\u00e1slehet\u0151s\u00e9g<\/a><\/li>\n<li><a href=\"https:\/\/www.lachtal.at\/hu\/szolgaltatas\/prospektus-letoeltese\/\">Prospektus let\u00f6lt\u00e9se<\/a><\/li>\n<\/ul><\/div>\n","protected":false},"excerpt":{"rendered":"<p>M\u00e9g t\u00f6bb szolg\u00e1ltat\u00e1s a Lachtalban Skiline S\u00ednapj\u00e1nak magass\u00e1gm\u00e9r\u0151 diagramja! S\u00edb\u00e9rlete sz\u00e1m\u00e1nak megad\u00e1s\u00e1val n\u00e9h\u00e1ny m\u00e1sodpercen bel\u00fcl megkapja saj\u00e1t \u201eSkiline\u201c-j\u00e1t. Egy pillant\u00e1son bel\u00fcl meg fogja l\u00e1tni az \u00d6n \u00e1ltal haszn\u00e1lt valamennyi felvon\u00f3t, a \u201elek\u00fczd\u00f6tt\u201d szintk\u00fcl\u00f6nbs\u00e9get \u00e9s a lejt\u0151n megtett kilom\u00e9tereket. Tov\u00e1bb a Skiline-hoz Kattins a tov\u00e1bbi szolg\u00e1ltat\u00e1sok el\u00e9r\u00e9s\u00e9hez Webkamera Id\u0151j\u00e1r\u00e1s Shop Utaz\u00e1s \u00c1ll\u00e1slehet\u0151s\u00e9g Prospektus let\u00f6lt\u00e9se<\/p>\n","protected":false},"author":3,"featured_media":0,"parent":0,"menu_order":0,"comment_status":"closed","ping_status":"closed","template":"","meta":{"_acf_changed":false,"footnotes":""},"class_list":["post-1390","page","type-page","status-publish","hentry"],"acf":[],"_links":{"self":[{"href":"https:\/\/www.lachtal.at\/hu\/wp-json\/wp\/v2\/pages\/1390","targetHints":{"allow":["GET"]}}],"collection":[{"href":"https:\/\/www.lachtal.at\/hu\/wp-json\/wp\/v2\/pages"}],"about":[{"href":"https:\/\/www.lachtal.at\/hu\/wp-json\/wp\/v2\/types\/page"}],"author":[{"embeddable":true,"href":"https:\/\/www.lachtal.at\/hu\/wp-json\/wp\/v2\/users\/3"}],"replies":[{"embeddable":true,"href":"https:\/\/www.lachtal.at\/hu\/wp-json\/wp\/v2\/comments?post=1390"}],"version-history":[{"count":4,"href":"https:\/\/www.lachtal.at\/hu\/wp-json\/wp\/v2\/pages\/1390\/revisions"}],"predecessor-version":[{"id":1441,"href":"https:\/\/www.lachtal.at\/hu\/wp-json\/wp\/v2\/pages\/1390\/revisions\/1441"}],"wp:attachment":[{"href":"https:\/\/www.lachtal.at\/hu\/wp-json\/wp\/v2\/media?parent=1390"}],"curies":[{"name":"wp","href":"https:\/\/api.w.org\/{rel}","templated":true}]}}