{"id":1380,"date":"2023-10-23T13:06:30","date_gmt":"2023-10-23T11:06:30","guid":{"rendered":"https:\/\/www.lachtal.at\/jegyek-arak\/steiermark-joker\/"},"modified":"2023-12-14T14:05:22","modified_gmt":"2023-12-14T13:05:22","slug":"steiermark-joker","status":"publish","type":"page","link":"https:\/\/www.lachtal.at\/hu\/jegyek-arak\/steiermark-joker\/","title":{"rendered":"Steiermark-Joker"},"content":{"rendered":"<div class=\"acf-fc-column acf-fc-column-1\">\n<h1>Steiermark Joker<\/h1>\n<p class=\"h6\">Kombin\u00e1lt b\u00e9rlet s\u00ed- \u00e9s wellness-\u00e9lm\u00e9ny egyben!<\/p>\n<p>Tov\u00e1bbi inform\u00e1ci\u00f3: <a href=\"https:\/\/www.steiermarkjoker.at\/\" target=\"_blank\" rel=\"noopener\">www.steiermarkjoker.at<\/a><\/p>\n<\/p><\/div>\n","protected":false},"excerpt":{"rendered":"<p>Steiermark Joker Kombin\u00e1lt b\u00e9rlet s\u00ed- \u00e9s wellness-\u00e9lm\u00e9ny egyben! Tov\u00e1bbi inform\u00e1ci\u00f3: www.steiermarkjoker.at<\/p>\n","protected":false},"author":3,"featured_media":0,"parent":1345,"menu_order":0,"comment_status":"closed","ping_status":"closed","template":"","meta":{"_acf_changed":false,"footnotes":""},"class_list":["post-1380","page","type-page","status-publish","hentry"],"acf":[],"_links":{"self":[{"href":"https:\/\/www.lachtal.at\/hu\/wp-json\/wp\/v2\/pages\/1380","targetHints":{"allow":["GET"]}}],"collection":[{"href":"https:\/\/www.lachtal.at\/hu\/wp-json\/wp\/v2\/pages"}],"about":[{"href":"https:\/\/www.lachtal.at\/hu\/wp-json\/wp\/v2\/types\/page"}],"author":[{"embeddable":true,"href":"https:\/\/www.lachtal.at\/hu\/wp-json\/wp\/v2\/users\/3"}],"replies":[{"embeddable":true,"href":"https:\/\/www.lachtal.at\/hu\/wp-json\/wp\/v2\/comments?post=1380"}],"version-history":[{"count":2,"href":"https:\/\/www.lachtal.at\/hu\/wp-json\/wp\/v2\/pages\/1380\/revisions"}],"predecessor-version":[{"id":1565,"href":"https:\/\/www.lachtal.at\/hu\/wp-json\/wp\/v2\/pages\/1380\/revisions\/1565"}],"up":[{"embeddable":true,"href":"https:\/\/www.lachtal.at\/hu\/wp-json\/wp\/v2\/pages\/1345"}],"wp:attachment":[{"href":"https:\/\/www.lachtal.at\/hu\/wp-json\/wp\/v2\/media?parent=1380"}],"curies":[{"name":"wp","href":"https:\/\/api.w.org\/{rel}","templated":true}]}}