{"id":1372,"date":"2023-11-24T08:41:44","date_gmt":"2023-11-24T07:41:44","guid":{"rendered":"https:\/\/www.lachtal.at\/jegyek-arak\/mehrtageskarten-mur-muerz-top-skipass\/"},"modified":"2023-12-14T14:09:04","modified_gmt":"2023-12-14T13:09:04","slug":"toebbnapos-jegyek-mur-muerz-top-siberlet","status":"publish","type":"page","link":"https:\/\/www.lachtal.at\/hu\/jegyek-arak\/toebbnapos-jegyek-mur-muerz-top-siberlet\/","title":{"rendered":"T\u00f6bbnapos jegyek Mur-M\u00fcrz Top-s\u00edb\u00e9rlet"},"content":{"rendered":"<div class=\"acf-fc-column acf-fc-column-1\">\n<h1>T\u00f6bbnapos k\u00e1rty\u00e1k Mur-M\u00fcrz Top S\u00edb\u00e9rlet<\/h1>\n<p class=\"h6\">Csak egym\u00e1st k\u00f6vet\u0151 napok eset\u00e9n \u00e9rv\u00e9nyes !<\/p>\n<p>Tov\u00e1bbi inform\u00e1ci\u00f3:\u00a0<a class=\"external popupicon\" href=\"http:\/\/www.skiberge.at\/\" target=\"_blank\" rel=\"noopener\">www.skiberge.at<\/a><\/p>\n<\/p><\/div>\n","protected":false},"excerpt":{"rendered":"<p>T\u00f6bbnapos k\u00e1rty\u00e1k Mur-M\u00fcrz Top S\u00edb\u00e9rlet Csak egym\u00e1st k\u00f6vet\u0151 napok eset\u00e9n \u00e9rv\u00e9nyes ! Tov\u00e1bbi inform\u00e1ci\u00f3:\u00a0www.skiberge.at<\/p>\n","protected":false},"author":3,"featured_media":0,"parent":1345,"menu_order":0,"comment_status":"closed","ping_status":"closed","template":"","meta":{"_acf_changed":false,"footnotes":""},"class_list":["post-1372","page","type-page","status-publish","hentry"],"acf":[],"_links":{"self":[{"href":"https:\/\/www.lachtal.at\/hu\/wp-json\/wp\/v2\/pages\/1372","targetHints":{"allow":["GET"]}}],"collection":[{"href":"https:\/\/www.lachtal.at\/hu\/wp-json\/wp\/v2\/pages"}],"about":[{"href":"https:\/\/www.lachtal.at\/hu\/wp-json\/wp\/v2\/types\/page"}],"author":[{"embeddable":true,"href":"https:\/\/www.lachtal.at\/hu\/wp-json\/wp\/v2\/users\/3"}],"replies":[{"embeddable":true,"href":"https:\/\/www.lachtal.at\/hu\/wp-json\/wp\/v2\/comments?post=1372"}],"version-history":[{"count":3,"href":"https:\/\/www.lachtal.at\/hu\/wp-json\/wp\/v2\/pages\/1372\/revisions"}],"predecessor-version":[{"id":1569,"href":"https:\/\/www.lachtal.at\/hu\/wp-json\/wp\/v2\/pages\/1372\/revisions\/1569"}],"up":[{"embeddable":true,"href":"https:\/\/www.lachtal.at\/hu\/wp-json\/wp\/v2\/pages\/1345"}],"wp:attachment":[{"href":"https:\/\/www.lachtal.at\/hu\/wp-json\/wp\/v2\/media?parent=1372"}],"curies":[{"name":"wp","href":"https:\/\/api.w.org\/{rel}","templated":true}]}}