{"id":1361,"date":"2023-10-23T13:06:03","date_gmt":"2023-10-23T11:06:03","guid":{"rendered":"https:\/\/www.lachtal.at\/jegyek-arak\/lieblings-steirer-saisonkarten\/"},"modified":"2023-12-14T14:06:17","modified_gmt":"2023-12-14T13:06:17","slug":"lieblings-steirer-szezonkartya","status":"publish","type":"page","link":"https:\/\/www.lachtal.at\/hu\/jegyek-arak\/lieblings-steirer-szezonkartya\/","title":{"rendered":"Lieblings-Steirer szezonk\u00e1rtya"},"content":{"rendered":"<div class=\"acf-fc-column acf-fc-column-1\">\n<h1>Lieblings-Steirer szezonb\u00e9rletek<\/h1>\n<h5>\u00e9rv\u00e9nyes Kreischbergben \u00e9s Lachtalon<\/h5>\n<\/p><\/div>\n","protected":false},"excerpt":{"rendered":"<p>Lieblings-Steirer szezonb\u00e9rletek \u00e9rv\u00e9nyes Kreischbergben \u00e9s Lachtalon<\/p>\n","protected":false},"author":3,"featured_media":0,"parent":1345,"menu_order":0,"comment_status":"closed","ping_status":"closed","template":"","meta":{"_acf_changed":false,"footnotes":""},"class_list":["post-1361","page","type-page","status-publish","hentry"],"acf":[],"_links":{"self":[{"href":"https:\/\/www.lachtal.at\/hu\/wp-json\/wp\/v2\/pages\/1361","targetHints":{"allow":["GET"]}}],"collection":[{"href":"https:\/\/www.lachtal.at\/hu\/wp-json\/wp\/v2\/pages"}],"about":[{"href":"https:\/\/www.lachtal.at\/hu\/wp-json\/wp\/v2\/types\/page"}],"author":[{"embeddable":true,"href":"https:\/\/www.lachtal.at\/hu\/wp-json\/wp\/v2\/users\/3"}],"replies":[{"embeddable":true,"href":"https:\/\/www.lachtal.at\/hu\/wp-json\/wp\/v2\/comments?post=1361"}],"version-history":[{"count":3,"href":"https:\/\/www.lachtal.at\/hu\/wp-json\/wp\/v2\/pages\/1361\/revisions"}],"predecessor-version":[{"id":1567,"href":"https:\/\/www.lachtal.at\/hu\/wp-json\/wp\/v2\/pages\/1361\/revisions\/1567"}],"up":[{"embeddable":true,"href":"https:\/\/www.lachtal.at\/hu\/wp-json\/wp\/v2\/pages\/1345"}],"wp:attachment":[{"href":"https:\/\/www.lachtal.at\/hu\/wp-json\/wp\/v2\/media?parent=1361"}],"curies":[{"name":"wp","href":"https:\/\/api.w.org\/{rel}","templated":true}]}}