{"id":1357,"date":"2023-10-23T13:05:50","date_gmt":"2023-10-23T11:05:50","guid":{"rendered":"https:\/\/www.lachtal.at\/jegyek-arak\/busgruppen\/"},"modified":"2023-12-14T14:08:28","modified_gmt":"2023-12-14T13:08:28","slug":"buszos-csoportok","status":"publish","type":"page","link":"https:\/\/www.lachtal.at\/hu\/jegyek-arak\/buszos-csoportok\/","title":{"rendered":"Buszos-csoportok"},"content":{"rendered":"<div class=\"acf-fc-column acf-fc-column-1\">\n<h1>\u00c1r buszos csoportok r\u00e9sz\u00e9re<\/h1>\n<p class=\"h5\">(21 f\u0151t\u0151l \u00e9rv\u00e9nyes, minden 21. s\u00edk\u00e1rtya ingyenes)<\/p>\n<\/p><\/div>\n","protected":false},"excerpt":{"rendered":"<p>\u00c1r buszos csoportok r\u00e9sz\u00e9re (21 f\u0151t\u0151l \u00e9rv\u00e9nyes, minden 21. s\u00edk\u00e1rtya ingyenes)<\/p>\n","protected":false},"author":3,"featured_media":0,"parent":1345,"menu_order":0,"comment_status":"closed","ping_status":"closed","template":"","meta":{"_acf_changed":false,"footnotes":""},"class_list":["post-1357","page","type-page","status-publish","hentry"],"acf":[],"_links":{"self":[{"href":"https:\/\/www.lachtal.at\/hu\/wp-json\/wp\/v2\/pages\/1357","targetHints":{"allow":["GET"]}}],"collection":[{"href":"https:\/\/www.lachtal.at\/hu\/wp-json\/wp\/v2\/pages"}],"about":[{"href":"https:\/\/www.lachtal.at\/hu\/wp-json\/wp\/v2\/types\/page"}],"author":[{"embeddable":true,"href":"https:\/\/www.lachtal.at\/hu\/wp-json\/wp\/v2\/users\/3"}],"replies":[{"embeddable":true,"href":"https:\/\/www.lachtal.at\/hu\/wp-json\/wp\/v2\/comments?post=1357"}],"version-history":[{"count":3,"href":"https:\/\/www.lachtal.at\/hu\/wp-json\/wp\/v2\/pages\/1357\/revisions"}],"predecessor-version":[{"id":1568,"href":"https:\/\/www.lachtal.at\/hu\/wp-json\/wp\/v2\/pages\/1357\/revisions\/1568"}],"up":[{"embeddable":true,"href":"https:\/\/www.lachtal.at\/hu\/wp-json\/wp\/v2\/pages\/1345"}],"wp:attachment":[{"href":"https:\/\/www.lachtal.at\/hu\/wp-json\/wp\/v2\/media?parent=1357"}],"curies":[{"name":"wp","href":"https:\/\/api.w.org\/{rel}","templated":true}]}}