{"id":1353,"date":"2023-10-23T13:07:39","date_gmt":"2023-10-23T11:07:39","guid":{"rendered":"https:\/\/www.lachtal.at\/jegyek-arak\/vorteilswelt\/"},"modified":"2025-10-07T12:28:38","modified_gmt":"2025-10-07T10:28:38","slug":"elonyoek-vilaga","status":"publish","type":"page","link":"https:\/\/www.lachtal.at\/hu\/jegyek-arak\/elonyoek-vilaga\/","title":{"rendered":"El\u0151ny\u00f6k vil\u00e1ga"},"content":{"rendered":"<div class=\"acf-fc-column acf-fc-column-1\">\n<h1>El\u0151ny\u00f6k vil\u00e1ga<\/h1>\n<\/p><\/div>\n","protected":false},"excerpt":{"rendered":"<p>El\u0151ny\u00f6k vil\u00e1ga<\/p>\n","protected":false},"author":3,"featured_media":0,"parent":1345,"menu_order":0,"comment_status":"closed","ping_status":"closed","template":"","meta":{"_acf_changed":false,"footnotes":""},"class_list":["post-1353","page","type-page","status-publish","hentry"],"acf":[],"_links":{"self":[{"href":"https:\/\/www.lachtal.at\/hu\/wp-json\/wp\/v2\/pages\/1353","targetHints":{"allow":["GET"]}}],"collection":[{"href":"https:\/\/www.lachtal.at\/hu\/wp-json\/wp\/v2\/pages"}],"about":[{"href":"https:\/\/www.lachtal.at\/hu\/wp-json\/wp\/v2\/types\/page"}],"author":[{"embeddable":true,"href":"https:\/\/www.lachtal.at\/hu\/wp-json\/wp\/v2\/users\/3"}],"replies":[{"embeddable":true,"href":"https:\/\/www.lachtal.at\/hu\/wp-json\/wp\/v2\/comments?post=1353"}],"version-history":[{"count":5,"href":"https:\/\/www.lachtal.at\/hu\/wp-json\/wp\/v2\/pages\/1353\/revisions"}],"predecessor-version":[{"id":2835,"href":"https:\/\/www.lachtal.at\/hu\/wp-json\/wp\/v2\/pages\/1353\/revisions\/2835"}],"up":[{"embeddable":true,"href":"https:\/\/www.lachtal.at\/hu\/wp-json\/wp\/v2\/pages\/1345"}],"wp:attachment":[{"href":"https:\/\/www.lachtal.at\/hu\/wp-json\/wp\/v2\/media?parent=1353"}],"curies":[{"name":"wp","href":"https:\/\/api.w.org\/{rel}","templated":true}]}}