{"id":1333,"date":"2023-10-23T10:46:23","date_gmt":"2023-10-23T08:46:23","guid":{"rendered":"https:\/\/www.lachtal.at\/palyak\/pistenplan\/"},"modified":"2023-12-14T11:17:37","modified_gmt":"2023-12-14T10:17:37","slug":"palyaterkep","status":"publish","type":"page","link":"https:\/\/www.lachtal.at\/hu\/palyak\/palyaterkep\/","title":{"rendered":"P\u00e1lyat\u00e9rk\u00e9p"},"content":{"rendered":"<div class=\"acf-fc-column acf-fc-column-1\">\n<h1>P\u00e1lyat\u00e9rk\u00e9p<\/h1>\n<\/p><\/div>\n<div class=\"acf-fc-column acf-fc-column-1\">\n<p><iframe loading=\"lazy\" src=\"https:\/\/winter.intermaps.com\/lachtal?show=lifts:status,slopes:nostatus,707,709,708&amp;zoomCalculationMode=fitHeight&amp;ctrlZoom=true\" name=\"Pistenpanorama\" width=\"1190\" height=\"815\" allowfullscreen=\"allowfullscreen\"><\/iframe><\/p>\n<\/p><\/div>\n<div class=\"acf-fc-column acf-fc-column-1\">\n<h2>Kiv\u00e1l\u00f3 p\u00e1ly\u00e1k Lachtalon<\/h2>\n<p>A Lachtal lejt\u0151i els\u0151 oszt\u00e1ly\u00faak \u2013 ezt nem csak mi \u00e1ll\u00edtjuk, hanem sz\u00e1mos d\u00edj is meger\u0151s\u00edti. Ennek nem csak mi, hanem vend\u00e9geink is \u00f6r\u00fclnek!<\/p>\n<p><a class=\"button\" href=\"\/hu\/palyak\/#kituntetesek\">Tudjon meg t\u00f6bbet<\/a><\/p>\n<\/p><\/div>\n","protected":false},"excerpt":{"rendered":"<p>P\u00e1lyat\u00e9rk\u00e9p Kiv\u00e1l\u00f3 p\u00e1ly\u00e1k Lachtalon A Lachtal lejt\u0151i els\u0151 oszt\u00e1ly\u00faak \u2013 ezt nem csak mi \u00e1ll\u00edtjuk, hanem sz\u00e1mos d\u00edj is meger\u0151s\u00edti. Ennek nem csak mi, hanem vend\u00e9geink is \u00f6r\u00fclnek! Tudjon meg t\u00f6bbet<\/p>\n","protected":false},"author":3,"featured_media":0,"parent":1328,"menu_order":0,"comment_status":"closed","ping_status":"closed","template":"","meta":{"_acf_changed":false,"footnotes":""},"class_list":["post-1333","page","type-page","status-publish","hentry"],"acf":[],"_links":{"self":[{"href":"https:\/\/www.lachtal.at\/hu\/wp-json\/wp\/v2\/pages\/1333","targetHints":{"allow":["GET"]}}],"collection":[{"href":"https:\/\/www.lachtal.at\/hu\/wp-json\/wp\/v2\/pages"}],"about":[{"href":"https:\/\/www.lachtal.at\/hu\/wp-json\/wp\/v2\/types\/page"}],"author":[{"embeddable":true,"href":"https:\/\/www.lachtal.at\/hu\/wp-json\/wp\/v2\/users\/3"}],"replies":[{"embeddable":true,"href":"https:\/\/www.lachtal.at\/hu\/wp-json\/wp\/v2\/comments?post=1333"}],"version-history":[{"count":3,"href":"https:\/\/www.lachtal.at\/hu\/wp-json\/wp\/v2\/pages\/1333\/revisions"}],"predecessor-version":[{"id":1436,"href":"https:\/\/www.lachtal.at\/hu\/wp-json\/wp\/v2\/pages\/1333\/revisions\/1436"}],"up":[{"embeddable":true,"href":"https:\/\/www.lachtal.at\/hu\/wp-json\/wp\/v2\/pages\/1328"}],"wp:attachment":[{"href":"https:\/\/www.lachtal.at\/hu\/wp-json\/wp\/v2\/media?parent=1333"}],"curies":[{"name":"wp","href":"https:\/\/api.w.org\/{rel}","templated":true}]}}