{"id":1328,"date":"2023-10-24T16:25:06","date_gmt":"2023-10-24T14:25:06","guid":{"rendered":"https:\/\/www.lachtal.at\/pisten\/"},"modified":"2023-12-14T11:15:55","modified_gmt":"2023-12-14T10:15:55","slug":"palyak","status":"publish","type":"page","link":"https:\/\/www.lachtal.at\/hu\/palyak\/","title":{"rendered":"P\u00e1ly\u00e1k"},"content":{"rendered":"<div class=\"acf-fc-column acf-fc-column-1\">\n<h1>Lachtal &#8211; legend\u00e1s!<\/h1>\n<\/p><\/div>\n<div class=\"acf-fc-column acf-fc-column-1\">\n<h2>Kit\u00fcntet\u00e9sek<\/h2>\n<\/p><\/div>\n<div class=\"acf-fc-column acf-fc-column-1\">\n<h2 class=\"h4\">A Nemzetk\u00f6zi Skiare teszt legnagyobb elismer\u00e9sei<\/h2>\n<ul class=\"type-trianglebigger list-item-color-accent\">\n<li>Nemzetk\u00f6zi p\u00e1lyamin\u0151s\u00edt\u00e9s ARANY fokozat<\/li>\n<li>ARANY tr\u00f3fea a gy\u00e1rtott h\u00f3 min\u0151s\u00e9g\u00e9\u00e9rt<\/li>\n<li>P\u00e1lyak\u00e9sz\u00edt\u0151-j\u00e1rm\u0171 (ratrak) vezet\u0151j\u00e9nek j\u00e1r\u00f3 ARANY min\u0151s\u00edt\u00e9s<\/li>\n<li>Legjobb aj\u00e1nlatok gyermekeknek (Kinder-Lachtal und Wildes Lachtal)<\/li>\n<li>Nemzetk\u00f6zi Sz\u00e1nk\u00f3p\u00e1lyamin\u0151s\u00edt\u00e9s<\/li>\n<li>A hossz\u00fa ideje \u00fczemvezet\u00f6 Galler Franz megkapta az \u201e\u00dczemvezet\u0151k tr\u00f3fe\u00e1\u201cj\u00e1t<\/li>\n<li>Kargl Reinhard \u00e9s Fussi Karl megkapt\u00e1k \u201eAz \u00e9v felvon\u00f3-\u00fczemeltet\u0151je\u201d d\u00edj\u00e1t<\/li>\n<\/ul><\/div>\n<div class=\"acf-fc-column acf-fc-column-2\">\n<p>&nbsp;<\/p>\n<p>&nbsp;<\/p>\n<p>&nbsp;<\/p>\n<p><img loading=\"lazy\" decoding=\"async\" class=\"wp-image-462 alignnone\" src=\"https:\/\/www.lachtal.at\/wp-content\/uploads\/2023\/11\/skiareatest_lachtal-300x117.png\" alt=\"\" width=\"408\" height=\"159\" srcset=\"https:\/\/www.lachtal.at\/wp-content\/uploads\/2023\/11\/skiareatest_lachtal-300x117.png 300w, https:\/\/www.lachtal.at\/wp-content\/uploads\/2023\/11\/skiareatest_lachtal-768x300.png 768w, https:\/\/www.lachtal.at\/wp-content\/uploads\/2023\/11\/skiareatest_lachtal-1024x399.png 1024w, https:\/\/www.lachtal.at\/wp-content\/uploads\/2023\/11\/skiareatest_lachtal-1536x599.png 1536w, https:\/\/www.lachtal.at\/wp-content\/uploads\/2023\/11\/skiareatest_lachtal-205x80.png 205w, https:\/\/www.lachtal.at\/wp-content\/uploads\/2023\/11\/skiareatest_lachtal-150x58.png 150w, https:\/\/www.lachtal.at\/wp-content\/uploads\/2023\/11\/skiareatest_lachtal-200x78.png 200w, https:\/\/www.lachtal.at\/wp-content\/uploads\/2023\/11\/skiareatest_lachtal-250x97.png 250w, https:\/\/www.lachtal.at\/wp-content\/uploads\/2023\/11\/skiareatest_lachtal-350x136.png 350w, https:\/\/www.lachtal.at\/wp-content\/uploads\/2023\/11\/skiareatest_lachtal-400x156.png 400w, https:\/\/www.lachtal.at\/wp-content\/uploads\/2023\/11\/skiareatest_lachtal-800x312.png 800w, https:\/\/www.lachtal.at\/wp-content\/uploads\/2023\/11\/skiareatest_lachtal-650x253.png 650w, https:\/\/www.lachtal.at\/wp-content\/uploads\/2023\/11\/skiareatest_lachtal-1300x507.png 1300w, https:\/\/www.lachtal.at\/wp-content\/uploads\/2023\/11\/skiareatest_lachtal-412x160.png 412w, https:\/\/www.lachtal.at\/wp-content\/uploads\/2023\/11\/skiareatest_lachtal-192x75.png 192w, https:\/\/www.lachtal.at\/wp-content\/uploads\/2023\/11\/skiareatest_lachtal-256x100.png 256w, https:\/\/www.lachtal.at\/wp-content\/uploads\/2023\/11\/skiareatest_lachtal-333x130.png 333w, https:\/\/www.lachtal.at\/wp-content\/uploads\/2023\/11\/skiareatest_lachtal-513x200.png 513w, https:\/\/www.lachtal.at\/wp-content\/uploads\/2023\/11\/skiareatest_lachtal-769x300.png 769w, https:\/\/www.lachtal.at\/wp-content\/uploads\/2023\/11\/skiareatest_lachtal-1025x400.png 1025w, https:\/\/www.lachtal.at\/wp-content\/uploads\/2023\/11\/skiareatest_lachtal-359x140.png 359w, https:\/\/www.lachtal.at\/wp-content\/uploads\/2023\/11\/skiareatest_lachtal-438x171.png 438w, https:\/\/www.lachtal.at\/wp-content\/uploads\/2023\/11\/skiareatest_lachtal-645x252.png 645w, https:\/\/www.lachtal.at\/wp-content\/uploads\/2023\/11\/skiareatest_lachtal-271x106.png 271w, https:\/\/www.lachtal.at\/wp-content\/uploads\/2023\/11\/skiareatest_lachtal-420x164.png 420w, https:\/\/www.lachtal.at\/wp-content\/uploads\/2023\/11\/skiareatest_lachtal-1010x394.png 1010w, https:\/\/www.lachtal.at\/wp-content\/uploads\/2023\/11\/skiareatest_lachtal-1350x527.png 1350w, https:\/\/www.lachtal.at\/wp-content\/uploads\/2023\/11\/skiareatest_lachtal-690x269.png 690w, https:\/\/www.lachtal.at\/wp-content\/uploads\/2023\/11\/skiareatest_lachtal-910x355.png 910w, https:\/\/www.lachtal.at\/wp-content\/uploads\/2023\/11\/skiareatest_lachtal-560x218.png 560w, https:\/\/www.lachtal.at\/wp-content\/uploads\/2023\/11\/skiareatest_lachtal-1920x749.png 1920w\" sizes=\"auto, (max-width: 408px) 100vw, 408px\" data-fancybox-title=\"skiareatest_lachtal\" data-fancybox-alt=\"\" data-fancybox-caption=\"\" data-lightbox-title=\"skiareatest_lachtal\" data-lightbox-alt=\"\" data-lightbox-caption=\"\" data-lightbox-srcset=\"https:\/\/www.lachtal.at\/wp-content\/uploads\/2023\/11\/skiareatest_lachtal-250x98.png 250w, https:\/\/www.lachtal.at\/wp-content\/uploads\/2023\/11\/skiareatest_lachtal-300x117.png 300w, https:\/\/www.lachtal.at\/wp-content\/uploads\/2023\/11\/skiareatest_lachtal-768x300.png 768w, https:\/\/www.lachtal.at\/wp-content\/uploads\/2023\/11\/skiareatest_lachtal-1024x399.png 1024w, https:\/\/www.lachtal.at\/wp-content\/uploads\/2023\/11\/skiareatest_lachtal-1536x599.png 1536w, https:\/\/www.lachtal.at\/wp-content\/uploads\/2023\/11\/skiareatest_lachtal-205x80.png 205w, https:\/\/www.lachtal.at\/wp-content\/uploads\/2023\/11\/skiareatest_lachtal-150x59.png 150w, https:\/\/www.lachtal.at\/wp-content\/uploads\/2023\/11\/skiareatest_lachtal-200x78.png 200w, https:\/\/www.lachtal.at\/wp-content\/uploads\/2023\/11\/skiareatest_lachtal-350x137.png 350w, https:\/\/www.lachtal.at\/wp-content\/uploads\/2023\/11\/skiareatest_lachtal-400x156.png 400w, https:\/\/www.lachtal.at\/wp-content\/uploads\/2023\/11\/skiareatest_lachtal-800x312.png 800w, https:\/\/www.lachtal.at\/wp-content\/uploads\/2023\/11\/skiareatest_lachtal-650x254.png 650w, https:\/\/www.lachtal.at\/wp-content\/uploads\/2023\/11\/skiareatest_lachtal-1300x507.png 1300w, https:\/\/www.lachtal.at\/wp-content\/uploads\/2023\/11\/skiareatest_lachtal-412x161.png 412w, https:\/\/www.lachtal.at\/wp-content\/uploads\/2023\/11\/skiareatest_lachtal-192x75.png 192w, https:\/\/www.lachtal.at\/wp-content\/uploads\/2023\/11\/skiareatest_lachtal-256x100.png 256w, https:\/\/www.lachtal.at\/wp-content\/uploads\/2023\/11\/skiareatest_lachtal-333x130.png 333w, https:\/\/www.lachtal.at\/wp-content\/uploads\/2023\/11\/skiareatest_lachtal-513x200.png 513w, https:\/\/www.lachtal.at\/wp-content\/uploads\/2023\/11\/skiareatest_lachtal-769x300.png 769w, https:\/\/www.lachtal.at\/wp-content\/uploads\/2023\/11\/skiareatest_lachtal-1025x400.png 1025w, https:\/\/www.lachtal.at\/wp-content\/uploads\/2023\/11\/skiareatest_lachtal-359x140.png 359w, https:\/\/www.lachtal.at\/wp-content\/uploads\/2023\/11\/skiareatest_lachtal-438x171.png 438w, https:\/\/www.lachtal.at\/wp-content\/uploads\/2023\/11\/skiareatest_lachtal-645x252.png 645w, https:\/\/www.lachtal.at\/wp-content\/uploads\/2023\/11\/skiareatest_lachtal-271x106.png 271w, https:\/\/www.lachtal.at\/wp-content\/uploads\/2023\/11\/skiareatest_lachtal-420x164.png 420w, https:\/\/www.lachtal.at\/wp-content\/uploads\/2023\/11\/skiareatest_lachtal-1010x394.png 1010w, https:\/\/www.lachtal.at\/wp-content\/uploads\/2023\/11\/skiareatest_lachtal-1350x527.png 1350w, https:\/\/www.lachtal.at\/wp-content\/uploads\/2023\/11\/skiareatest_lachtal-690x269.png 690w, https:\/\/www.lachtal.at\/wp-content\/uploads\/2023\/11\/skiareatest_lachtal-910x355.png 910w, https:\/\/www.lachtal.at\/wp-content\/uploads\/2023\/11\/skiareatest_lachtal-560x218.png 560w, https:\/\/www.lachtal.at\/wp-content\/uploads\/2023\/11\/skiareatest_lachtal.png 1920w\" data-lightbox-width=\"1920\" data-lightbox-height=\"749\" data-lightbox-thumb-src=\"https:\/\/www.lachtal.at\/wp-content\/uploads\/2023\/11\/skiareatest_lachtal-250x98.png\" data-lightbox-thumb-cropped=\"true\" data-lightbox-setup-ready=\"true\" \/><\/p>\n<\/p><\/div>\n<div>\n<div>\n\t\t\t<img width=\"250\" height=\"166\" src=\"https:\/\/www.lachtal.at\/wp-content\/uploads\/2023\/10\/Lachtal-Ski-7-\u00a9-Lachtal-Ikarus-250x166.jpg\" class=\"alignleft\" alt=\"Skifahren bei perfektem Wetter\" decoding=\"async\" loading=\"lazy\" srcset=\"https:\/\/www.lachtal.at\/wp-content\/uploads\/2023\/10\/Lachtal-Ski-7-\u00a9-Lachtal-Ikarus-250x167.jpg 250w, https:\/\/www.lachtal.at\/wp-content\/uploads\/2023\/10\/Lachtal-Ski-7-\u00a9-Lachtal-Ikarus-300x200.jpg 300w, https:\/\/www.lachtal.at\/wp-content\/uploads\/2023\/10\/Lachtal-Ski-7-\u00a9-Lachtal-Ikarus-768x512.jpg 768w, https:\/\/www.lachtal.at\/wp-content\/uploads\/2023\/10\/Lachtal-Ski-7-\u00a9-Lachtal-Ikarus-1024x683.jpg 1024w, https:\/\/www.lachtal.at\/wp-content\/uploads\/2023\/10\/Lachtal-Ski-7-\u00a9-Lachtal-Ikarus-1536x1024.jpg 1536w, https:\/\/www.lachtal.at\/wp-content\/uploads\/2023\/10\/Lachtal-Ski-7-\u00a9-Lachtal-Ikarus-120x80.jpg 120w, https:\/\/www.lachtal.at\/wp-content\/uploads\/2023\/10\/Lachtal-Ski-7-\u00a9-Lachtal-Ikarus-150x100.jpg 150w, https:\/\/www.lachtal.at\/wp-content\/uploads\/2023\/10\/Lachtal-Ski-7-\u00a9-Lachtal-Ikarus-200x133.jpg 200w, https:\/\/www.lachtal.at\/wp-content\/uploads\/2023\/10\/Lachtal-Ski-7-\u00a9-Lachtal-Ikarus-350x233.jpg 350w, https:\/\/www.lachtal.at\/wp-content\/uploads\/2023\/10\/Lachtal-Ski-7-\u00a9-Lachtal-Ikarus-400x266.jpg 400w, https:\/\/www.lachtal.at\/wp-content\/uploads\/2023\/10\/Lachtal-Ski-7-\u00a9-Lachtal-Ikarus-800x533.jpg 800w, https:\/\/www.lachtal.at\/wp-content\/uploads\/2023\/10\/Lachtal-Ski-7-\u00a9-Lachtal-Ikarus-650x433.jpg 650w, https:\/\/www.lachtal.at\/wp-content\/uploads\/2023\/10\/Lachtal-Ski-7-\u00a9-Lachtal-Ikarus-1300x867.jpg 1300w, https:\/\/www.lachtal.at\/wp-content\/uploads\/2023\/10\/Lachtal-Ski-7-\u00a9-Lachtal-Ikarus-412x274.jpg 412w, https:\/\/www.lachtal.at\/wp-content\/uploads\/2023\/10\/Lachtal-Ski-7-\u00a9-Lachtal-Ikarus-113x75.jpg 113w, https:\/\/www.lachtal.at\/wp-content\/uploads\/2023\/10\/Lachtal-Ski-7-\u00a9-Lachtal-Ikarus-195x130.jpg 195w, https:\/\/www.lachtal.at\/wp-content\/uploads\/2023\/10\/Lachtal-Ski-7-\u00a9-Lachtal-Ikarus-450x300.jpg 450w, https:\/\/www.lachtal.at\/wp-content\/uploads\/2023\/10\/Lachtal-Ski-7-\u00a9-Lachtal-Ikarus-600x400.jpg 600w, https:\/\/www.lachtal.at\/wp-content\/uploads\/2023\/10\/Lachtal-Ski-7-\u00a9-Lachtal-Ikarus-210x140.jpg 210w, https:\/\/www.lachtal.at\/wp-content\/uploads\/2023\/10\/Lachtal-Ski-7-\u00a9-Lachtal-Ikarus-438x292.jpg 438w, https:\/\/www.lachtal.at\/wp-content\/uploads\/2023\/10\/Lachtal-Ski-7-\u00a9-Lachtal-Ikarus-645x430.jpg 645w, https:\/\/www.lachtal.at\/wp-content\/uploads\/2023\/10\/Lachtal-Ski-7-\u00a9-Lachtal-Ikarus-960x640.jpg 960w, https:\/\/www.lachtal.at\/wp-content\/uploads\/2023\/10\/Lachtal-Ski-7-\u00a9-Lachtal-Ikarus-271x181.jpg 271w, https:\/\/www.lachtal.at\/wp-content\/uploads\/2023\/10\/Lachtal-Ski-7-\u00a9-Lachtal-Ikarus-420x280.jpg 420w, https:\/\/www.lachtal.at\/wp-content\/uploads\/2023\/10\/Lachtal-Ski-7-\u00a9-Lachtal-Ikarus-1010x673.jpg 1010w, https:\/\/www.lachtal.at\/wp-content\/uploads\/2023\/10\/Lachtal-Ski-7-\u00a9-Lachtal-Ikarus-1350x900.jpg 1350w, https:\/\/www.lachtal.at\/wp-content\/uploads\/2023\/10\/Lachtal-Ski-7-\u00a9-Lachtal-Ikarus-690x460.jpg 690w, https:\/\/www.lachtal.at\/wp-content\/uploads\/2023\/10\/Lachtal-Ski-7-\u00a9-Lachtal-Ikarus-910x607.jpg 910w, https:\/\/www.lachtal.at\/wp-content\/uploads\/2023\/10\/Lachtal-Ski-7-\u00a9-Lachtal-Ikarus-560x373.jpg 560w, https:\/\/www.lachtal.at\/wp-content\/uploads\/2023\/10\/Lachtal-Ski-7-\u00a9-Lachtal-Ikarus-1000x667.jpg 1000w, https:\/\/www.lachtal.at\/wp-content\/uploads\/2023\/10\/Lachtal-Ski-7-\u00a9-Lachtal-Ikarus-660x440.jpg 660w, https:\/\/www.lachtal.at\/wp-content\/uploads\/2023\/10\/Lachtal-Ski-7-\u00a9-Lachtal-Ikarus-490x327.jpg 490w, https:\/\/www.lachtal.at\/wp-content\/uploads\/2023\/10\/Lachtal-Ski-7-\u00a9-Lachtal-Ikarus-380x254.jpg 380w, https:\/\/www.lachtal.at\/wp-content\/uploads\/2023\/10\/Lachtal-Ski-7-\u00a9-Lachtal-Ikarus-1370x914.jpg 1370w, https:\/\/www.lachtal.at\/wp-content\/uploads\/2023\/10\/Lachtal-Ski-7-\u00a9-Lachtal-Ikarus-670x447.jpg 670w, https:\/\/www.lachtal.at\/wp-content\/uploads\/2023\/10\/Lachtal-Ski-7-\u00a9-Lachtal-Ikarus-440x294.jpg 440w, https:\/\/www.lachtal.at\/wp-content\/uploads\/2023\/10\/Lachtal-Ski-7-\u00a9-Lachtal-Ikarus-320x214.jpg 320w, https:\/\/www.lachtal.at\/wp-content\/uploads\/2023\/10\/Lachtal-Ski-7-\u00a9-Lachtal-Ikarus-840x560.jpg 840w, https:\/\/www.lachtal.at\/wp-content\/uploads\/2023\/10\/Lachtal-Ski-7-\u00a9-Lachtal-Ikarus-410x274.jpg 410w, https:\/\/www.lachtal.at\/wp-content\/uploads\/2023\/10\/Lachtal-Ski-7-\u00a9-Lachtal-Ikarus-260x174.jpg 260w, https:\/\/www.lachtal.at\/wp-content\/uploads\/2023\/10\/Lachtal-Ski-7-\u00a9-Lachtal-Ikarus-190x127.jpg 190w, https:\/\/www.lachtal.at\/wp-content\/uploads\/2023\/10\/Lachtal-Ski-7-\u00a9-Lachtal-Ikarus.jpg 1920w\" sizes=\"auto, (max-width: 250px) 100vw, 250px\" data-image-credits=\"Lachtal-Ikarus\" data-image-credits-full=\"Szerz\u0151i jog: Lachtal-Ikarus\" data-fancybox-title=\"Skifahren bei perfektem Wetter\" data-fancybox-alt=\"Skifahren bei perfektem Wetter\" data-fancybox-caption=\"\" data-fancybox-srcset=\"https:\/\/www.lachtal.at\/wp-content\/uploads\/2023\/10\/Lachtal-Ski-7-\u00a9-Lachtal-Ikarus-300x200.jpg 300w, https:\/\/www.lachtal.at\/wp-content\/uploads\/2023\/10\/Lachtal-Ski-7-\u00a9-Lachtal-Ikarus-768x512.jpg 768w, https:\/\/www.lachtal.at\/wp-content\/uploads\/2023\/10\/Lachtal-Ski-7-\u00a9-Lachtal-Ikarus-1024x683.jpg 1024w, https:\/\/www.lachtal.at\/wp-content\/uploads\/2023\/10\/Lachtal-Ski-7-\u00a9-Lachtal-Ikarus-1536x1024.jpg 1536w, https:\/\/www.lachtal.at\/wp-content\/uploads\/2023\/10\/Lachtal-Ski-7-\u00a9-Lachtal-Ikarus-120x80.jpg 120w, https:\/\/www.lachtal.at\/wp-content\/uploads\/2023\/10\/Lachtal-Ski-7-\u00a9-Lachtal-Ikarus-150x100.jpg 150w, https:\/\/www.lachtal.at\/wp-content\/uploads\/2023\/10\/Lachtal-Ski-7-\u00a9-Lachtal-Ikarus-200x133.jpg 200w, https:\/\/www.lachtal.at\/wp-content\/uploads\/2023\/10\/Lachtal-Ski-7-\u00a9-Lachtal-Ikarus-250x167.jpg 250w, https:\/\/www.lachtal.at\/wp-content\/uploads\/2023\/10\/Lachtal-Ski-7-\u00a9-Lachtal-Ikarus-350x233.jpg 350w, https:\/\/www.lachtal.at\/wp-content\/uploads\/2023\/10\/Lachtal-Ski-7-\u00a9-Lachtal-Ikarus-400x266.jpg 400w, https:\/\/www.lachtal.at\/wp-content\/uploads\/2023\/10\/Lachtal-Ski-7-\u00a9-Lachtal-Ikarus-800x533.jpg 800w, https:\/\/www.lachtal.at\/wp-content\/uploads\/2023\/10\/Lachtal-Ski-7-\u00a9-Lachtal-Ikarus-650x433.jpg 650w, https:\/\/www.lachtal.at\/wp-content\/uploads\/2023\/10\/Lachtal-Ski-7-\u00a9-Lachtal-Ikarus-1300x867.jpg 1300w, https:\/\/www.lachtal.at\/wp-content\/uploads\/2023\/10\/Lachtal-Ski-7-\u00a9-Lachtal-Ikarus-412x274.jpg 412w, https:\/\/www.lachtal.at\/wp-content\/uploads\/2023\/10\/Lachtal-Ski-7-\u00a9-Lachtal-Ikarus-113x75.jpg 113w, https:\/\/www.lachtal.at\/wp-content\/uploads\/2023\/10\/Lachtal-Ski-7-\u00a9-Lachtal-Ikarus-195x130.jpg 195w, https:\/\/www.lachtal.at\/wp-content\/uploads\/2023\/10\/Lachtal-Ski-7-\u00a9-Lachtal-Ikarus-450x300.jpg 450w, https:\/\/www.lachtal.at\/wp-content\/uploads\/2023\/10\/Lachtal-Ski-7-\u00a9-Lachtal-Ikarus-600x400.jpg 600w, https:\/\/www.lachtal.at\/wp-content\/uploads\/2023\/10\/Lachtal-Ski-7-\u00a9-Lachtal-Ikarus-210x140.jpg 210w, https:\/\/www.lachtal.at\/wp-content\/uploads\/2023\/10\/Lachtal-Ski-7-\u00a9-Lachtal-Ikarus-438x292.jpg 438w, https:\/\/www.lachtal.at\/wp-content\/uploads\/2023\/10\/Lachtal-Ski-7-\u00a9-Lachtal-Ikarus-645x430.jpg 645w, https:\/\/www.lachtal.at\/wp-content\/uploads\/2023\/10\/Lachtal-Ski-7-\u00a9-Lachtal-Ikarus-960x640.jpg 960w, https:\/\/www.lachtal.at\/wp-content\/uploads\/2023\/10\/Lachtal-Ski-7-\u00a9-Lachtal-Ikarus-271x181.jpg 271w, https:\/\/www.lachtal.at\/wp-content\/uploads\/2023\/10\/Lachtal-Ski-7-\u00a9-Lachtal-Ikarus-420x280.jpg 420w, https:\/\/www.lachtal.at\/wp-content\/uploads\/2023\/10\/Lachtal-Ski-7-\u00a9-Lachtal-Ikarus-1010x673.jpg 1010w, https:\/\/www.lachtal.at\/wp-content\/uploads\/2023\/10\/Lachtal-Ski-7-\u00a9-Lachtal-Ikarus-1350x900.jpg 1350w, https:\/\/www.lachtal.at\/wp-content\/uploads\/2023\/10\/Lachtal-Ski-7-\u00a9-Lachtal-Ikarus-690x460.jpg 690w, https:\/\/www.lachtal.at\/wp-content\/uploads\/2023\/10\/Lachtal-Ski-7-\u00a9-Lachtal-Ikarus-910x607.jpg 910w, https:\/\/www.lachtal.at\/wp-content\/uploads\/2023\/10\/Lachtal-Ski-7-\u00a9-Lachtal-Ikarus-560x373.jpg 560w, https:\/\/www.lachtal.at\/wp-content\/uploads\/2023\/10\/Lachtal-Ski-7-\u00a9-Lachtal-Ikarus-1000x667.jpg 1000w, https:\/\/www.lachtal.at\/wp-content\/uploads\/2023\/10\/Lachtal-Ski-7-\u00a9-Lachtal-Ikarus-660x440.jpg 660w, https:\/\/www.lachtal.at\/wp-content\/uploads\/2023\/10\/Lachtal-Ski-7-\u00a9-Lachtal-Ikarus-490x327.jpg 490w, https:\/\/www.lachtal.at\/wp-content\/uploads\/2023\/10\/Lachtal-Ski-7-\u00a9-Lachtal-Ikarus-380x254.jpg 380w, https:\/\/www.lachtal.at\/wp-content\/uploads\/2023\/10\/Lachtal-Ski-7-\u00a9-Lachtal-Ikarus-1370x914.jpg 1370w, https:\/\/www.lachtal.at\/wp-content\/uploads\/2023\/10\/Lachtal-Ski-7-\u00a9-Lachtal-Ikarus-670x447.jpg 670w, https:\/\/www.lachtal.at\/wp-content\/uploads\/2023\/10\/Lachtal-Ski-7-\u00a9-Lachtal-Ikarus-440x294.jpg 440w, https:\/\/www.lachtal.at\/wp-content\/uploads\/2023\/10\/Lachtal-Ski-7-\u00a9-Lachtal-Ikarus-320x214.jpg 320w, https:\/\/www.lachtal.at\/wp-content\/uploads\/2023\/10\/Lachtal-Ski-7-\u00a9-Lachtal-Ikarus-840x560.jpg 840w, https:\/\/www.lachtal.at\/wp-content\/uploads\/2023\/10\/Lachtal-Ski-7-\u00a9-Lachtal-Ikarus-410x274.jpg 410w, https:\/\/www.lachtal.at\/wp-content\/uploads\/2023\/10\/Lachtal-Ski-7-\u00a9-Lachtal-Ikarus-260x174.jpg 260w, https:\/\/www.lachtal.at\/wp-content\/uploads\/2023\/10\/Lachtal-Ski-7-\u00a9-Lachtal-Ikarus-190x127.jpg 190w, https:\/\/www.lachtal.at\/wp-content\/uploads\/2023\/10\/Lachtal-Ski-7-\u00a9-Lachtal-Ikarus.jpg 1920w\" \/>\t\t\t<\/p>\n<h3>Legend\u00e1s: A Lachtal el\u0151nyei<\/h3>\n<p><a href=\"https:\/\/www.lachtal.at\/hu\/jegyek-arak\/\">Tudjon meg t\u00f6bbet<\/a><\/p>\n<\/p><\/div>\n<\/p><\/div>\n","protected":false},"excerpt":{"rendered":"<p>Lachtal &#8211; legend\u00e1s! Kit\u00fcntet\u00e9sek A Nemzetk\u00f6zi Skiare teszt legnagyobb elismer\u00e9sei Nemzetk\u00f6zi p\u00e1lyamin\u0151s\u00edt\u00e9s ARANY fokozat ARANY tr\u00f3fea a gy\u00e1rtott h\u00f3 min\u0151s\u00e9g\u00e9\u00e9rt P\u00e1lyak\u00e9sz\u00edt\u0151-j\u00e1rm\u0171 (ratrak) vezet\u0151j\u00e9nek j\u00e1r\u00f3 ARANY min\u0151s\u00edt\u00e9s Legjobb aj\u00e1nlatok gyermekeknek (Kinder-Lachtal und Wildes Lachtal) Nemzetk\u00f6zi Sz\u00e1nk\u00f3p\u00e1lyamin\u0151s\u00edt\u00e9s A hossz\u00fa ideje \u00fczemvezet\u00f6 Galler Franz megkapta az \u201e\u00dczemvezet\u0151k tr\u00f3fe\u00e1\u201cj\u00e1t Kargl Reinhard \u00e9s Fussi Karl megkapt\u00e1k \u201eAz \u00e9v felvon\u00f3-\u00fczemeltet\u0151je\u201d d\u00edj\u00e1t [&hellip;]<\/p>\n","protected":false},"author":3,"featured_media":101,"parent":0,"menu_order":0,"comment_status":"closed","ping_status":"closed","template":"","meta":{"_acf_changed":false,"footnotes":""},"class_list":["post-1328","page","type-page","status-publish","has-post-thumbnail","hentry"],"acf":[],"_links":{"self":[{"href":"https:\/\/www.lachtal.at\/hu\/wp-json\/wp\/v2\/pages\/1328","targetHints":{"allow":["GET"]}}],"collection":[{"href":"https:\/\/www.lachtal.at\/hu\/wp-json\/wp\/v2\/pages"}],"about":[{"href":"https:\/\/www.lachtal.at\/hu\/wp-json\/wp\/v2\/types\/page"}],"author":[{"embeddable":true,"href":"https:\/\/www.lachtal.at\/hu\/wp-json\/wp\/v2\/users\/3"}],"replies":[{"embeddable":true,"href":"https:\/\/www.lachtal.at\/hu\/wp-json\/wp\/v2\/comments?post=1328"}],"version-history":[{"count":3,"href":"https:\/\/www.lachtal.at\/hu\/wp-json\/wp\/v2\/pages\/1328\/revisions"}],"predecessor-version":[{"id":1435,"href":"https:\/\/www.lachtal.at\/hu\/wp-json\/wp\/v2\/pages\/1328\/revisions\/1435"}],"wp:featuredmedia":[{"embeddable":true,"href":"https:\/\/www.lachtal.at\/hu\/wp-json\/wp\/v2\/media\/101"}],"wp:attachment":[{"href":"https:\/\/www.lachtal.at\/hu\/wp-json\/wp\/v2\/media?parent=1328"}],"curies":[{"name":"wp","href":"https:\/\/api.w.org\/{rel}","templated":true}]}}