{"id":1324,"date":"2023-10-24T15:34:14","date_gmt":"2023-10-24T13:34:14","guid":{"rendered":"https:\/\/www.lachtal.at\/elmenyek-a-hegyen\/abseits-der-pisten\/"},"modified":"2023-12-20T13:54:45","modified_gmt":"2023-12-20T12:54:45","slug":"tavol-a-lejtoktol","status":"publish","type":"page","link":"https:\/\/www.lachtal.at\/hu\/hegyi-elmenyek\/tavol-a-lejtoktol\/","title":{"rendered":"T\u00e1vol a lejt\u0151kt\u0151l"},"content":{"rendered":"<div class=\"acf-fc-column acf-fc-column-1\">\n<h1>T\u00e1vol a lejt\u0151kt\u0151l<\/h1>\n<\/p><\/div>\n","protected":false},"excerpt":{"rendered":"<p>T\u00e1vol a lejt\u0151kt\u0151l<\/p>\n","protected":false},"author":3,"featured_media":308,"parent":1321,"menu_order":0,"comment_status":"closed","ping_status":"closed","template":"","meta":{"_acf_changed":false,"footnotes":""},"class_list":["post-1324","page","type-page","status-publish","has-post-thumbnail","hentry"],"acf":[],"_links":{"self":[{"href":"https:\/\/www.lachtal.at\/hu\/wp-json\/wp\/v2\/pages\/1324","targetHints":{"allow":["GET"]}}],"collection":[{"href":"https:\/\/www.lachtal.at\/hu\/wp-json\/wp\/v2\/pages"}],"about":[{"href":"https:\/\/www.lachtal.at\/hu\/wp-json\/wp\/v2\/types\/page"}],"author":[{"embeddable":true,"href":"https:\/\/www.lachtal.at\/hu\/wp-json\/wp\/v2\/users\/3"}],"replies":[{"embeddable":true,"href":"https:\/\/www.lachtal.at\/hu\/wp-json\/wp\/v2\/comments?post=1324"}],"version-history":[{"count":4,"href":"https:\/\/www.lachtal.at\/hu\/wp-json\/wp\/v2\/pages\/1324\/revisions"}],"predecessor-version":[{"id":1704,"href":"https:\/\/www.lachtal.at\/hu\/wp-json\/wp\/v2\/pages\/1324\/revisions\/1704"}],"up":[{"embeddable":true,"href":"https:\/\/www.lachtal.at\/hu\/wp-json\/wp\/v2\/pages\/1321"}],"wp:featuredmedia":[{"embeddable":true,"href":"https:\/\/www.lachtal.at\/hu\/wp-json\/wp\/v2\/media\/308"}],"wp:attachment":[{"href":"https:\/\/www.lachtal.at\/hu\/wp-json\/wp\/v2\/media?parent=1324"}],"curies":[{"name":"wp","href":"https:\/\/api.w.org\/{rel}","templated":true}]}}