{"id":1310,"date":"2023-10-24T08:47:59","date_gmt":"2023-10-24T06:47:59","guid":{"rendered":"https:\/\/www.lachtal.at\/wildes-lachtal\/"},"modified":"2023-12-14T11:13:32","modified_gmt":"2023-12-14T10:13:32","slug":"elmeny-szorakozas","status":"publish","type":"page","link":"https:\/\/www.lachtal.at\/hu\/hegyi-elmenyek\/elmeny-szorakozas\/","title":{"rendered":"\u00c9lm\u00e9ny &#038; Sz\u00f3rakoz\u00e1s"},"content":{"rendered":"<div class=\"acf-fc-column acf-fc-column-1\">\n<h1>\u00c9lm\u00e9ny &amp; Sz\u00f3rakoz\u00e1s<\/h1>\n<\/p><\/div>\n","protected":false},"excerpt":{"rendered":"<p>\u00c9lm\u00e9ny &amp; Sz\u00f3rakoz\u00e1s<\/p>\n","protected":false},"author":3,"featured_media":178,"parent":1321,"menu_order":0,"comment_status":"closed","ping_status":"closed","template":"","meta":{"_acf_changed":false,"footnotes":""},"class_list":["post-1310","page","type-page","status-publish","has-post-thumbnail","hentry"],"acf":[],"_links":{"self":[{"href":"https:\/\/www.lachtal.at\/hu\/wp-json\/wp\/v2\/pages\/1310","targetHints":{"allow":["GET"]}}],"collection":[{"href":"https:\/\/www.lachtal.at\/hu\/wp-json\/wp\/v2\/pages"}],"about":[{"href":"https:\/\/www.lachtal.at\/hu\/wp-json\/wp\/v2\/types\/page"}],"author":[{"embeddable":true,"href":"https:\/\/www.lachtal.at\/hu\/wp-json\/wp\/v2\/users\/3"}],"replies":[{"embeddable":true,"href":"https:\/\/www.lachtal.at\/hu\/wp-json\/wp\/v2\/comments?post=1310"}],"version-history":[{"count":3,"href":"https:\/\/www.lachtal.at\/hu\/wp-json\/wp\/v2\/pages\/1310\/revisions"}],"predecessor-version":[{"id":1434,"href":"https:\/\/www.lachtal.at\/hu\/wp-json\/wp\/v2\/pages\/1310\/revisions\/1434"}],"up":[{"embeddable":true,"href":"https:\/\/www.lachtal.at\/hu\/wp-json\/wp\/v2\/pages\/1321"}],"wp:featuredmedia":[{"embeddable":true,"href":"https:\/\/www.lachtal.at\/hu\/wp-json\/wp\/v2\/media\/178"}],"wp:attachment":[{"href":"https:\/\/www.lachtal.at\/hu\/wp-json\/wp\/v2\/media?parent=1310"}],"curies":[{"name":"wp","href":"https:\/\/api.w.org\/{rel}","templated":true}]}}