{"id":1121,"date":"2023-10-23T13:06:21","date_gmt":"2023-10-23T11:06:21","guid":{"rendered":"https:\/\/www.lachtal.at\/ski-passes-prices\/mur-muerz-top-skipass\/"},"modified":"2025-10-02T14:06:36","modified_gmt":"2025-10-02T12:06:36","slug":"mur-muerz-top-skipass","status":"publish","type":"page","link":"https:\/\/www.lachtal.at\/en\/tickets-prices\/mur-muerz-top-skipass\/","title":{"rendered":"Mur-M\u00fcrz Top-Skipass"},"content":{"rendered":"<div class=\"acf-fc-column acf-fc-column-1\">\n<h1>Mur-M\u00fcrz Top-Skipass<\/h1>\n<p class=\"h6\">valid for Turracher H\u00f6he, Kreischberg, Grebenzen, Lachtal, Krakau, Gaal, Obdach, Kleinlobming, Klippitzt\u00f6rl, Salzstiegl, Pr\u00e4bichl, Turnau, Mariazeller B\u00fcrgeralpe, Hohe Veitsch, Stuhleck<\/p>\n<p>For further details see\u00a0<a class=\"external popupicon\" href=\"http:\/\/www.skiberge.at\/\" target=\"_blank\" rel=\"noopener\">www.skiberge.at<\/a><\/p>\n<\/p><\/div>\n","protected":false},"excerpt":{"rendered":"<p>Mur-M\u00fcrz Top-Skipass valid for Turracher H\u00f6he, Kreischberg, Grebenzen, Lachtal, Krakau, Gaal, Obdach, Kleinlobming, Klippitzt\u00f6rl, Salzstiegl, Pr\u00e4bichl, Turnau, Mariazeller B\u00fcrgeralpe, Hohe Veitsch, Stuhleck For further details see\u00a0www.skiberge.at<\/p>\n","protected":false},"author":3,"featured_media":0,"parent":1020,"menu_order":0,"comment_status":"closed","ping_status":"closed","template":"","meta":{"_acf_changed":false,"footnotes":""},"class_list":["post-1121","page","type-page","status-publish","hentry"],"acf":[],"_links":{"self":[{"href":"https:\/\/www.lachtal.at\/en\/wp-json\/wp\/v2\/pages\/1121","targetHints":{"allow":["GET"]}}],"collection":[{"href":"https:\/\/www.lachtal.at\/en\/wp-json\/wp\/v2\/pages"}],"about":[{"href":"https:\/\/www.lachtal.at\/en\/wp-json\/wp\/v2\/types\/page"}],"author":[{"embeddable":true,"href":"https:\/\/www.lachtal.at\/en\/wp-json\/wp\/v2\/users\/3"}],"replies":[{"embeddable":true,"href":"https:\/\/www.lachtal.at\/en\/wp-json\/wp\/v2\/comments?post=1121"}],"version-history":[{"count":2,"href":"https:\/\/www.lachtal.at\/en\/wp-json\/wp\/v2\/pages\/1121\/revisions"}],"predecessor-version":[{"id":2830,"href":"https:\/\/www.lachtal.at\/en\/wp-json\/wp\/v2\/pages\/1121\/revisions\/2830"}],"up":[{"embeddable":true,"href":"https:\/\/www.lachtal.at\/en\/wp-json\/wp\/v2\/pages\/1020"}],"wp:attachment":[{"href":"https:\/\/www.lachtal.at\/en\/wp-json\/wp\/v2\/media?parent=1121"}],"curies":[{"name":"wp","href":"https:\/\/api.w.org\/{rel}","templated":true}]}}